{"id":5196,"date":"2025-01-14T12:24:57","date_gmt":"2025-01-14T12:24:57","guid":{"rendered":"https:\/\/admin.digihealthedu.eu\/?page_id=5196"},"modified":"2025-02-13T16:54:43","modified_gmt":"2025-02-13T16:54:43","slug":"application-form-2","status":"publish","type":"page","link":"https:\/\/admin.digihealthedu.eu\/index.php\/application-form-2\/","title":{"rendered":"Application Form 2"},"content":{"rendered":"\t\t<div data-elementor-type=\"wp-page\" data-elementor-id=\"5196\" class=\"elementor elementor-5196\" data-elementor-post-type=\"page\">\n\t\t\t\t\t\t<section class=\"elementor-section elementor-top-section elementor-element elementor-element-5dbc9b1 elementor-section-boxed elementor-section-height-default elementor-section-height-default wpr-particle-no wpr-jarallax-no wpr-parallax-no wpr-sticky-section-no\" data-id=\"5dbc9b1\" data-element_type=\"section\" data-settings=\"{&quot;background_background&quot;:&quot;classic&quot;}\">\n\t\t\t\t\t\t\t<div class=\"elementor-background-overlay\"><\/div>\n\t\t\t\t\t\t\t<div class=\"elementor-container elementor-column-gap-default\">\n\t\t\t\t\t<div class=\"elementor-column elementor-col-100 elementor-top-column elementor-element elementor-element-f360432\" data-id=\"f360432\" data-element_type=\"column\">\n\t\t\t<div class=\"elementor-widget-wrap elementor-element-populated\">\n\t\t\t\t\t\t<div class=\"elementor-element elementor-element-519a4bf elementor-widget elementor-widget-heading\" data-id=\"519a4bf\" data-element_type=\"widget\" data-widget_type=\"heading.default\">\n\t\t\t\t<div class=\"elementor-widget-container\">\n\t\t\t\t\t<h2 class=\"elementor-heading-title elementor-size-default\">Application Form<\/h2>\t\t\t\t<\/div>\n\t\t\t\t<\/div>\n\t\t\t\t\t<\/div>\n\t\t<\/div>\n\t\t\t\t\t<\/div>\n\t\t<\/section>\n\t\t<div class=\"elementor-element elementor-element-d8fdf71 e-flex e-con-boxed wpr-particle-no wpr-jarallax-no wpr-parallax-no wpr-sticky-section-no e-con e-parent\" data-id=\"d8fdf71\" data-element_type=\"container\">\n\t\t\t\t\t<div class=\"e-con-inner\">\n\t\t<div class=\"elementor-element elementor-element-49f6984 e-con-full e-flex wpr-particle-no wpr-jarallax-no wpr-parallax-no wpr-sticky-section-no e-con e-child\" data-id=\"49f6984\" data-element_type=\"container\">\n\t\t<div class=\"elementor-element elementor-element-2c4d978 e-flex e-con-boxed wpr-particle-no wpr-jarallax-no wpr-parallax-no wpr-sticky-section-no e-con e-child\" data-id=\"2c4d978\" data-element_type=\"container\">\n\t\t\t\t\t<div class=\"e-con-inner\">\n\t\t\t\t<div class=\"elementor-element elementor-element-bc0e4aa elementor-widget elementor-widget-shortcode\" data-id=\"bc0e4aa\" data-element_type=\"widget\" data-widget_type=\"shortcode.default\">\n\t\t\t\t<div class=\"elementor-widget-container\">\n\t\t\t\t\t\t\t<div class=\"elementor-shortcode\">\n<div class=\"um um-login um-3408\">\n\t<div class=\"um-form\">\n\t\t<form method=\"post\" action=\"\" autocomplete=\"off\">\n\t\t\t<div class=\"um-row _um_row_1 \" style=\"margin: 0 0 30px 0;\"><div class=\"um-col-1\"><div  id=\"um_field_3408_username\" class=\"um-field um-field-text  um-field-username um-field-text um-field-type_text\" data-key=\"username\"><div class=\"um-field-label\"><label for=\"username-3408\">E-mail<\/label><div class=\"um-clear\"><\/div><\/div><div class=\"um-field-area\"><input  autocomplete=\"off\" class=\"um-form-field valid \" type=\"text\" name=\"username-3408\" id=\"username-3408\" value=\"\" placeholder=\"\" data-validate=\"\" data-key=\"username\"  aria-invalid=\"false\" \/>\n\n\t\t\t\t\t\t<\/div><\/div><div  id=\"um_field_3408_user_password\" class=\"um-field um-field-password  um-field-user_password um-field-password um-field-type_password\" data-key=\"user_password\"><div class=\"um-field-label\"><label for=\"user_password-3408\">Password<\/label><div class=\"um-clear\"><\/div><\/div><div class=\"um-field-area\"><input class=\"um-form-field valid \" type=\"password\" name=\"user_password-3408\" id=\"user_password-3408\" value=\"\" placeholder=\"\" data-validate=\"\" data-key=\"user_password\"  aria-invalid=\"false\" \/>\n\n\t\t\t\t\t\t\t<\/div><\/div><\/div><\/div>\t\t<input type=\"hidden\" name=\"form_id\" id=\"form_id_3408\" value=\"3408\" \/>\n\t\n\t<p class=\"um_request_name\">\n\t\t<label for=\"um_request_3408\">Only fill in if you are not human<\/label>\n\t\t<input type=\"hidden\" name=\"um_request\" id=\"um_request_3408\" class=\"input\" value=\"\" size=\"25\" autocomplete=\"off\" \/>\n\t<\/p>\n\n\t<input type=\"hidden\" name=\"redirect_to\" id=\"redirect_to\" value=\"https:\/\/admin.digihealthedu.eu\/\" \/><input type=\"hidden\" id=\"_wpnonce\" name=\"_wpnonce\" value=\"628e1c1449\" \/><input type=\"hidden\" name=\"_wp_http_referer\" value=\"\/index.php\/wp-json\/wp\/v2\/pages\/5196\" \/>\n\t<div class=\"um-col-alt\">\n\n\t\t\n\n\t\t\t<div class=\"um-field um-field-c\">\n\t\t\t\t<div class=\"um-field-area\">\n\t\t\t\t\t<label class=\"um-field-checkbox\">\n\t\t\t\t\t\t<input type=\"checkbox\" name=\"rememberme\" value=\"1\"  \/>\n\t\t\t\t\t\t<span class=\"um-field-checkbox-state\"><i class=\"um-icon-android-checkbox-outline-blank\"><\/i><\/span>\n\t\t\t\t\t\t<span class=\"um-field-checkbox-option\"> Keep me signed in<\/span>\n\t\t\t\t\t<\/label>\n\t\t\t\t<\/div>\n\t\t\t<\/div>\n\n\t\t\t\t\t\t<div class=\"um-clear\"><\/div>\n\t\t\n\t\t\t<div class=\"um-left um-half\">\n\t\t\t\t<input type=\"submit\" value=\"Login\" class=\"um-button\" id=\"um-submit-btn\" \/>\n\t\t\t<\/div>\n\t\t\t<div class=\"um-right um-half\">\n\t\t\t\t<a href=\"https:\/\/admin.digihealthedu.eu\/index.php\/register\/\" class=\"um-button um-alt\">\n\t\t\t\t\tRegister\t\t\t\t<\/a>\n\t\t\t<\/div>\n\n\t\t\n\t\t<div class=\"um-clear\"><\/div>\n\n\t<\/div>\n\n\t\n\t<div class=\"um-col-alt-b\">\n\t\t<a href=\"https:\/\/admin.digihealthedu.eu\/index.php\/password-reset\/\" class=\"um-link-alt\">\n\t\t\tForgot your password?\t\t<\/a>\n\t<\/div>\n\n\t\t\t<\/form>\n\t<\/div>\n<\/div>\n<style>\n\t\t\t.um-3408.um {\n\t\t\tmax-width: 450px;\n\t\t}\n\t\t<\/style>\n<\/div>\n\t\t\t\t\t\t<\/div>\n\t\t\t\t<\/div>\n\t\t\t\t\t<\/div>\n\t\t\t\t<\/div>\n\t\t\t\t<\/div>\n\t\t<div class=\"elementor-element elementor-element-576e9ec e-con-full e-flex wpr-particle-no wpr-jarallax-no wpr-parallax-no wpr-sticky-section-no e-con e-child\" data-id=\"576e9ec\" data-element_type=\"container\">\n\t\t\t\t<\/div>\n\t\t\t\t\t<\/div>\n\t\t\t\t<\/div>\n\t\t<div class=\"elementor-element elementor-element-aa6c648 e-flex e-con-boxed wpr-particle-no wpr-jarallax-no wpr-parallax-no wpr-sticky-section-no e-con e-parent\" data-id=\"aa6c648\" data-element_type=\"container\">\n\t\t\t\t\t<div class=\"e-con-inner\">\n\t\t\t\t<div class=\"elementor-element elementor-element-575911c elementor-widget elementor-widget-shortcode\" data-id=\"575911c\" data-element_type=\"widget\" data-widget_type=\"shortcode.default\">\n\t\t\t\t<div class=\"elementor-widget-container\">\n\t\t\t\t\t\t\t<div class=\"elementor-shortcode\">    <script>\n        document.addEventListener(\"DOMContentLoaded\", function() {\n            const formID = \"forminator_form_3120\"; \/\/ Substitua pelo ID do seu formul\u00e1rio\n            const draftKey = \"draft_aberto_\" + formID;\n            const redirectURL = \"https:\/\/admin.digihealthedu.eu\/index.php\/duplicate\/\"; \/\/ Substitua pela URL desejada\n\n            \/\/ Verifica se j\u00e1 existe um draft aberto\n            if (localStorage.getItem(draftKey)) {\n                window.location.href = redirectURL; \/\/ Redireciona para a p\u00e1gina de aviso\n                return;\n            }\n\n            \/\/ Marca o draft como aberto\n            localStorage.setItem(draftKey, \"true\");\n\n            \/\/ Remover o flag quando a aba for fechada\n            window.addEventListener(\"beforeunload\", function() {\n                localStorage.removeItem(draftKey);\n            });\n\n            \/\/ Capturar evento de salvamento do draft\n            document.addEventListener(\"click\", function(event) {\n                if (event.target && event.target.matches(\".forminator-button-save-draft\")) {\n                    if (localStorage.getItem(draftKey)) {\n                        window.location.href = redirectURL; \/\/ Redireciona ao detectar outro draft\n                        event.preventDefault(); \/\/ Impede o envio do formul\u00e1rio\n                    }\n                }\n            });\n        });\n    <\/script>\n    <\/div>\n\t\t\t\t\t\t<\/div>\n\t\t\t\t<\/div>\n\t\t\t\t\t<\/div>\n\t\t\t\t<\/div>\n\t\t<div class=\"elementor-element elementor-element-7f12b0f e-flex e-con-boxed wpr-particle-no wpr-jarallax-no wpr-parallax-no wpr-sticky-section-no e-con e-parent\" data-id=\"7f12b0f\" data-element_type=\"container\">\n\t\t\t\t\t<div class=\"e-con-inner\">\n\t\t\t\t<div class=\"elementor-element elementor-element-9b9c9d5 elementor-widget elementor-widget-html\" data-id=\"9b9c9d5\" data-element_type=\"widget\" data-widget_type=\"html.default\">\n\t\t\t\t<div class=\"elementor-widget-container\">\n\t\t\t\t\t<script>\n\/\/ Fun\u00e7\u00e3o para obter par\u00e2metros da URL atual\nfunction getQueryParam(param) {\n    const urlParams = new URLSearchParams(window.location.search);\n    return urlParams.get(param) || ''; \/\/ Retorna o valor ou string vazia se n\u00e3o existir\n}\n\n\/\/ Captura os valores dos par\u00e2metros 'ed' e 'per'\nconst edParam = getQueryParam('ed');\nconst perParam = getQueryParam('per');\n\n\/\/ Monitorar quando a div '.forminator-draft-link' for criada\nconst observer = new MutationObserver((mutations) => {\n    mutations.forEach((mutation) => {\n        if (mutation.type === 'childList') {\n            const draftDiv = document.querySelector('.forminator-draft-link');\n            if (draftDiv) {\n                var eurl = draftDiv.value;\n                var urlComParametros = new URL(eurl);\n\n                \/\/ Adiciona os par\u00e2metros 'ed' e 'per' ao link\n                if (edParam) urlComParametros.searchParams.set('ed', edParam);\n                if (perParam) urlComParametros.searchParams.set('per', perParam);\n\n                \/\/ Atualiza o valor da div para garantir que o link correto seja enviado por e-mail\n                draftDiv.value = urlComParametros.toString();\n\n                \/\/ Atualiza o bot\u00e3o \"Continuar\"\n                var eulink = document.querySelector(\"#link-draft-continue\");\n                if (eulink) {\n                    eulink.setAttribute(\"href\", urlComParametros.toString());\n                }\n\n                observer.disconnect(); \/\/ Para de observar ap\u00f3s a modifica\u00e7\u00e3o\n            }\n        }\n    });\n});\n\n\/* Configura o MutationObserver para observar altera\u00e7\u00f5es nos filhos do body *\/\nobserver.observe(document.body, { childList: true, subtree: true });\n<\/script>\t\t\t\t<\/div>\n\t\t\t\t<\/div>\n\t\t\t\t\t<\/div>\n\t\t\t\t<\/div>\n\t\t<div class=\"elementor-element elementor-element-7496113 e-flex e-con-boxed wpr-particle-no wpr-jarallax-no wpr-parallax-no wpr-sticky-section-no e-con e-parent\" data-id=\"7496113\" data-element_type=\"container\">\n\t\t\t\t\t<div class=\"e-con-inner\">\n\t\t\t\t<div class=\"elementor-element elementor-element-b7957d4 elementor-widget elementor-widget-html\" data-id=\"b7957d4\" data-element_type=\"widget\" data-widget_type=\"html.default\">\n\t\t\t\t<div class=\"elementor-widget-container\">\n\t\t\t\t\t<script>\n\nwindow.onload = function() {  \n    var phoneInput = document.querySelector('input[name=\"phone-2\"]');\n    var valor = phoneInput.value\n    if (valor.charAt(0) === '+') {\n        var testeS2 = valor.replace(\/^(.{4})\\+\/g,'$1');\n        \/\/testeS2 = valor.replace(\/\\s+\/g,'');\n        phoneInput.value = testeS2;\n    }\n};\n\n<\/script>\t\t\t\t<\/div>\n\t\t\t\t<\/div>\n\t\t\t\t\t<\/div>\n\t\t\t\t<\/div>\n\t\t<div class=\"elementor-element elementor-element-ae238c3 e-flex e-con-boxed wpr-particle-no wpr-jarallax-no wpr-parallax-no wpr-sticky-section-no e-con e-parent\" data-id=\"ae238c3\" data-element_type=\"container\">\n\t\t\t\t\t<div class=\"e-con-inner\">\n\t\t\t\t<div class=\"elementor-element elementor-element-c67a314 elementor-widget elementor-widget-html\" data-id=\"c67a314\" data-element_type=\"widget\" data-widget_type=\"html.default\">\n\t\t\t\t<div class=\"elementor-widget-container\">\n\t\t\t\t\t<style>\n  \/* Esconde os campos text-17 e text-18 *\/\n  input[name=\"text-17\"],\n  input[name=\"text-18\"] {\n      visibility: hidden !important;\n      opacity: 0 !important;\n      pointer-events: none !important;\n      position: absolute !important;\n      left: -9999px;\n  }\n\n  \/* Esconde as labels e campos ed e per *\/\n  label[for=\"hidden_ed\"],\n  label[for=\"hidden_per\"] {\n      visibility: hidden !important;\n      opacity: 0 !important;\n      pointer-events: none !important;\n      position: absolute !important;\n      left: -9999px;\n  }\n\n  \/* Esconde os campos ed e per diretamente *\/\n  input[name=\"hidden_ed\"],\n  input[name=\"hidden_per\"] {\n      visibility: hidden !important;\n      opacity: 0 !important;\n      pointer-events: none !important;\n      position: absolute !important;\n      left: -9999px;\n  }\n  .entry-title {\n    display: none;\n}\n<\/style>\n\t\t\t\t<\/div>\n\t\t\t\t<\/div>\n\t\t\t\t\t<\/div>\n\t\t\t\t<\/div>\n\t\t<div class=\"elementor-element elementor-element-87fadf3 e-flex e-con-boxed wpr-particle-no wpr-jarallax-no wpr-parallax-no wpr-sticky-section-no e-con e-parent\" data-id=\"87fadf3\" data-element_type=\"container\">\n\t\t\t\t\t<div class=\"e-con-inner\">\n\t\t\t\t\t<\/div>\n\t\t\t\t<\/div>\n\t\t\t\t<\/div>\n\t\t","protected":false},"excerpt":{"rendered":"<p>Application Form Reminder Please be aware that once you submit your application, no further changes can be made. If you need to pause, use the &#8220;Save as draft&#8221; button to ensure your information is preserved. Additionally, please remember that exiting the form without submitting or saving as a draft will result in data loss. Ensure the accuracy of your information before submission, as submitted applications cannot be modified. To verify your application status, check \u201cMyArea\u201d &gt; \u201cMy Submissions\u201d.<\/p>\n","protected":false},"author":1,"featured_media":0,"parent":0,"menu_order":0,"comment_status":"closed","ping_status":"closed","template":"elementor_canvas","meta":{"_eb_attr":"","footnotes":""},"class_list":["post-5196","page","type-page","status-publish","hentry"],"_links":{"self":[{"href":"https:\/\/admin.digihealthedu.eu\/index.php\/wp-json\/wp\/v2\/pages\/5196","targetHints":{"allow":["GET"]}}],"collection":[{"href":"https:\/\/admin.digihealthedu.eu\/index.php\/wp-json\/wp\/v2\/pages"}],"about":[{"href":"https:\/\/admin.digihealthedu.eu\/index.php\/wp-json\/wp\/v2\/types\/page"}],"author":[{"embeddable":true,"href":"https:\/\/admin.digihealthedu.eu\/index.php\/wp-json\/wp\/v2\/users\/1"}],"replies":[{"embeddable":true,"href":"https:\/\/admin.digihealthedu.eu\/index.php\/wp-json\/wp\/v2\/comments?post=5196"}],"version-history":[{"count":109,"href":"https:\/\/admin.digihealthedu.eu\/index.php\/wp-json\/wp\/v2\/pages\/5196\/revisions"}],"predecessor-version":[{"id":8738,"href":"https:\/\/admin.digihealthedu.eu\/index.php\/wp-json\/wp\/v2\/pages\/5196\/revisions\/8738"}],"wp:attachment":[{"href":"https:\/\/admin.digihealthedu.eu\/index.php\/wp-json\/wp\/v2\/media?parent=5196"}],"curies":[{"name":"wp","href":"https:\/\/api.w.org\/{rel}","templated":true}]}}